{"id":5255,"date":"2020-05-06T13:59:41","date_gmt":"2020-05-06T11:59:41","guid":{"rendered":"https:\/\/www.selbstbau-fertighaus.at\/wp24\/?page_id=5255"},"modified":"2020-05-24T21:18:10","modified_gmt":"2020-05-24T19:18:10","slug":"nur-bausatz-system","status":"publish","type":"page","link":"https:\/\/www.selbstbau-fertighaus.at\/wp24\/nur-bausatz-system\/","title":{"rendered":"Bausatz System"},"content":{"rendered":"<p>[vc_row][vc_column width=&#8221;1\/6&#8243;][\/vc_column][vc_column width=&#8221;2\/3&#8243;][vc_raw_html]JTVCM2RNb2RlbFZpZXdlciUyMG1vZGVsX3BhdGglM0QlMjIlMkYzRCUyNTIwTW9kZWxzJTJGR0xURkRhdGElMjUyMDEyMm5vYWgxMjMlMkZCYXVzYXR6U3lzdGVtLmdsdGYlMjIlMjBjb250YWluZXJfaWQlM0QlMjJobW1oc3BsSiUyMiUyMGhlaWdodCUzRCUyMjQwMCUyMiUyMGJhY2tncm91bmRfZ3JhZGllbnRfZW5hYmxlZCUzRCUyMmZhbHNlJTIyJTIwYmFja2dyb3VuZF9ncmFkaWVudF92YWx1ZSUzRCUyMjUwJTIyJTIwYmFja2dyb3VuZF9wYW5vcmFtYSUzRCUyMiUyMiUyMGJhY2tncm91bmRfY29sb3IlM0QlMjIlMjNGRkZGRkYlMjIlMjB6b29tX2VuYWJsZWQlM0QlMjJ0cnVlJTIyJTIwem9vbV9pbl9saW1pdCUzRCUyMjElMjIlMjB6b29tX291dF9saW1pdCUzRCUyMjEwJTIyJTIwYXV0b3JvdGF0ZV9zcGVlZCUzRCUyMjElMjIlMjByb3RhdGlvbl90b3BfbGltaXQlM0QlMjIxMDAlMjIlMjByb3RhdGlvbl9ib3R0b21fbGltaXQlM0QlMjIxMDAlMjIlMjBjYXN0c2hhZG93cyUzRCUyMnRydWUlMjIlMjBzaGFkb3dfYmx1ciUzRCUyMjUlMjIlMjBwYW5fY29udHJvbHMlM0QlMjJ0cnVlJTIyJTIwc2hvd19hbmltYXRpb25fY29udHJvbHMlM0QlMjJ0cnVlJTIyJTIwc2hvd19mdWxsc2NyZWVuX2J1dHRvbiUzRCUyMmZhbHNlJTIyJTIwc2hvd19zY3JlZW5zaG90X2J1dHRvbiUzRCUyMmZhbHNlJTIyJTIwaW50cm9fYW5pbWF0aW9uJTNEJTIyc2NhbGVBbmRSb3RhdGUlMjIlMjBzaG93X2xvYWRpbmdfc2NyZWVuJTNEJTIydHJ1ZSUyMiUyMGxvYWRpbmdfc2NyZWVuX21lc3NhZ2UlM0QlMjJNb2RlbCUyMGlzJTIwbG9hZGluZy4uLiUyMiUyMGxvYWRpbmdfYW5pbWF0aW9uX2NvbG9yJTNEJTIyJTIzMDAwJTIyJTIwc2V0X3NpemVfbGFiZWxzJTNEJTIyZmFsc2UlMjIlMjBzaXplX2xhYmVsX3NpemUlM0QlMjI1JTIyJTIwc2l6ZV9sYWJlbF9jb2xvciUzRCUyMiUyMzY2NjY2NiUyMiUyMHNpemVfd2lkdGglM0QlMjIwJTIyJTIwc2l6ZV9oZWlnaHQlM0QlMjIwJTIyJTIwc2l6ZV9sZW5ndGglM0QlMjIwJTIyJTIwZGVmYXVsdF9tYXRlcmlhbF9jb2xvciUzRCUyMiUyMzAwNTVGRiUyMiUyMG1lc2hfc2VsZWN0aW9uJTNEJTIyZmFsc2UlMjIlMjBtZXNoX2dob3N0aW5nJTNEJTIydHJ1ZSUyMiUyMGdob3N0X21lc2hfY29sb3IlM0QlMjIlMjNGRkZGRkYlMjIlMjBnaG9zdF9tZXNoX29wYWNpdHklM0QlMjIwLjElMjIlMjBjaGFuZ2VhYmxlX3RleHR1cmVzJTNEJTIyJTIyJTVEJTVCJTJGM2RNb2RlbFZpZXdlciU1RA==[\/vc_raw_html][\/vc_column][vc_column width=&#8221;1\/6&#8243;][\/vc_column][\/vc_row][vc_row][vc_column]<div class=\" \">\r\n\t\r\n        <div class=\"mh-heading-wrapper\">\r\n            <h2            class=\"mh-heading  mh-heading--bottom-separator   \"\r\n            style=\"font-weight:700;\">\r\n\t\t\t        <\/h2>\r\n\r\n\t\t            <div class=\"mh-subheading \"\r\n                 style=\"\">\r\n\t\t\t\tBsp.: Bungalow noah.123 als ``Selbstbau`` oder ``Mithilfe``            <\/div>\r\n\t\t    <\/div>\r\n\r\n\t<\/div>[\/vc_column][\/vc_row][vc_row][vc_column][vc_column_text]<\/p>\n<h4 style=\"text-align: left;\">wie oben in 3D dargestellt<br \/>\nIm Bausatz System Standard enthalten ist Lieferung auf Baustelle:<\/h4>\n<ol>\n<li style=\"text-align: left;\">Gesamte Au\u00dfenwandkonstruktion<\/li>\n<li style=\"text-align: left;\">Gesamte Innenwandkonstruktion<\/li>\n<li style=\"text-align: left;\">Deckenkonstuktion<\/li>\n<li style=\"text-align: left;\">Dachstuhlkonstruktion (Steil- od. Flachdach)<\/li>\n<\/ol>\n<h4 style=\"text-align: left;\">Aufpreis Lieferung &#8221; Aussen Paket&#8221; Material zu dem Bausatz System<\/h4>\n<ol>\n<li>Gesamte Au\u00dfenfassade\u00a0mit verputzbarer Weichfaserd\u00e4mmplatte in 6cm Dicke<\/li>\n<li>Dachaufbaumaterial Steildach:\u00a0falls vorh. ausgef\u00fchrt als hinterl\u00fcftetes Kaltdach mit diffusionsoffener Schalungsbahn f\u00fcr die Ziegeleindeckung vorbereitet.<\/li>\n<li>Dachaufbaumaterial Flachdach<strong>:<\/strong> falls vorh. ausgef\u00fchrt als nicht hinterl\u00fcftetes Warmdach, vorbereitet f\u00fcr die Verlegung der Gef\u00e4lled\u00e4mmung und der Gescho\u00dfdecke\/Dachbodendecke: falls vorh. Holzrauschalung 24mm als Bodenbelag an Oberseite der Tramlage.<\/li>\n<li>Gesamtes Befestigungsmaterial und Klebeb\u00e4nder sowie der Folien inklusive.<\/li>\n<\/ol>\n<h4 style=\"text-align: left;\">Aufpreis Lieferung &#8221; Innen Paket&#8221; Material zu dem Bausatz System<\/h4>\n<ol>\n<li>f\u00fcr Au\u00dfen- Innenw\u00e4nde, Decken und Dach (Steil- od. Flachdach) bestehend aus gesamter D\u00e4mmung, OSB-Platten, Holzschalung, Lattungen f\u00fcr Installationsebene, Aufdoppelungen etc., Sparschalung, Dampfbrems- Dampfsperrfolien und Gipskartonplatten.<\/li>\n<li>Gesamtes Befestigungsmaterial\u00a0und Klebeb\u00e4nder sowie der Folien inklusive.<\/li>\n<\/ol>\n<p>[\/vc_column_text][\/vc_column][\/vc_row][vc_row][vc_column]<div class=\" \">\r\n\t\r\n        <div class=\"mh-heading-wrapper\">\r\n            <h2            class=\"mh-heading  mh-heading--bottom-separator   \"\r\n            style=\"font-weight:700;\">\r\n\t\t\tUnsere Montagevarianten        <\/h2>\r\n\r\n\t\t    <\/div>\r\n\r\n\t<\/div>[\/vc_column][\/vc_row][vc_row][vc_column][rev_slider_vc alias=&#8221;montagevarianten&#8221;][\/vc_column][\/vc_row]<\/p>\n","protected":false},"excerpt":{"rendered":"<p>[vc_row][vc_column width=&#8221;1\/6&#8243;][\/vc_column][vc_column width=&#8221;2\/3&#8243;][vc_raw_html]JTVCM2RNb2RlbFZpZXdlciUyMG1vZGVsX3BhdGglM0QlMjIlMkYzRCUyNTIwTW9kZWxzJTJGR0xURkRhdGElMjUyMDEyMm5vYWgxMjMlMkZCYXVzYXR6U3lzdGVtLmdsdGYlMjIlMjBjb250YWluZXJfaWQlM0QlMjJobW1oc3BsSiUyMiUyMGhlaWdodCUzRCUyMjQwMCUyMiUyMGJhY2tncm91bmRfZ3JhZGllbnRfZW5hYmxlZCUzRCUyMmZhbHNlJTIyJTIwYmFja2dyb3VuZF9ncmFkaWVudF92YWx1ZSUzRCUyMjUwJTIyJTIwYmFja2dyb3VuZF9wYW5vcmFtYSUzRCUyMiUyMiUyMGJhY2tncm91bmRfY29sb3IlM0QlMjIlMjNGRkZGRkYlMjIlMjB6b29tX2VuYWJsZWQlM0QlMjJ0cnVlJTIyJTIwem9vbV9pbl9saW1pdCUzRCUyMjElMjIlMjB6b29tX291dF9saW1pdCUzRCUyMjEwJTIyJTIwYXV0b3JvdGF0ZV9zcGVlZCUzRCUyMjElMjIlMjByb3RhdGlvbl90b3BfbGltaXQlM0QlMjIxMDAlMjIlMjByb3RhdGlvbl9ib3R0b21fbGltaXQlM0QlMjIxMDAlMjIlMjBjYXN0c2hhZG93cyUzRCUyMnRydWUlMjIlMjBzaGFkb3dfYmx1ciUzRCUyMjUlMjIlMjBwYW5fY29udHJvbHMlM0QlMjJ0cnVlJTIyJTIwc2hvd19hbmltYXRpb25fY29udHJvbHMlM0QlMjJ0cnVlJTIyJTIwc2hvd19mdWxsc2NyZWVuX2J1dHRvbiUzRCUyMmZhbHNlJTIyJTIwc2hvd19zY3JlZW5zaG90X2J1dHRvbiUzRCUyMmZhbHNlJTIyJTIwaW50cm9fYW5pbWF0aW9uJTNEJTIyc2NhbGVBbmRSb3RhdGUlMjIlMjBzaG93X2xvYWRpbmdfc2NyZWVuJTNEJTIydHJ1ZSUyMiUyMGxvYWRpbmdfc2NyZWVuX21lc3NhZ2UlM0QlMjJNb2RlbCUyMGlzJTIwbG9hZGluZy4uLiUyMiUyMGxvYWRpbmdfYW5pbWF0aW9uX2NvbG9yJTNEJTIyJTIzMDAwJTIyJTIwc2V0X3NpemVfbGFiZWxzJTNEJTIyZmFsc2UlMjIlMjBzaXplX2xhYmVsX3NpemUlM0QlMjI1JTIyJTIwc2l6ZV9sYWJlbF9jb2xvciUzRCUyMiUyMzY2NjY2NiUyMiUyMHNpemVfd2lkdGglM0QlMjIwJTIyJTIwc2l6ZV9oZWlnaHQlM0QlMjIwJTIyJTIwc2l6ZV9sZW5ndGglM0QlMjIwJTIyJTIwZGVmYXVsdF9tYXRlcmlhbF9jb2xvciUzRCUyMiUyMzAwNTVGRiUyMiUyMG1lc2hfc2VsZWN0aW9uJTNEJTIyZmFsc2UlMjIlMjBtZXNoX2dob3N0aW5nJTNEJTIydHJ1ZSUyMiUyMGdob3N0X21lc2hfY29sb3IlM0QlMjIlMjNGRkZGRkYlMjIlMjBnaG9zdF9tZXNoX29wYWNpdHklM0QlMjIwLjElMjIlMjBjaGFuZ2VhYmxlX3RleHR1cmVzJTNEJTIyJTIyJTVEJTVCJTJGM2RNb2RlbFZpZXdlciU1RA==[\/vc_raw_html][\/vc_column][vc_column width=&#8221;1\/6&#8243;][\/vc_column][\/vc_row][vc_row][vc_column][\/vc_column][\/vc_row][vc_row][vc_column][vc_column_text] wie oben in 3D dargestellt Im Bausatz System Standard enthalten ist Lieferung auf Baustelle: Gesamte Au\u00dfenwandkonstruktion Gesamte Innenwandkonstruktion Deckenkonstuktion Dachstuhlkonstruktion (Steil- od. Flachdach) Aufpreis Lieferung &#8221; Aussen Paket&#8221; Material zu dem Bausatz System Gesamte Au\u00dfenfassade\u00a0mit verputzbarer Weichfaserd\u00e4mmplatte in 6cm Dicke Dachaufbaumaterial Steildach:\u00a0falls vorh. ausgef\u00fchrt als hinterl\u00fcftetes Kaltdach mit diffusionsoffener Schalungsbahn f\u00fcr [&hellip;]<\/p>\n","protected":false},"author":1,"featured_media":0,"parent":0,"menu_order":0,"comment_status":"closed","ping_status":"closed","template":"","meta":[],"_links":{"self":[{"href":"https:\/\/www.selbstbau-fertighaus.at\/wp24\/wp-json\/wp\/v2\/pages\/5255"}],"collection":[{"href":"https:\/\/www.selbstbau-fertighaus.at\/wp24\/wp-json\/wp\/v2\/pages"}],"about":[{"href":"https:\/\/www.selbstbau-fertighaus.at\/wp24\/wp-json\/wp\/v2\/types\/page"}],"author":[{"embeddable":true,"href":"https:\/\/www.selbstbau-fertighaus.at\/wp24\/wp-json\/wp\/v2\/users\/1"}],"replies":[{"embeddable":true,"href":"https:\/\/www.selbstbau-fertighaus.at\/wp24\/wp-json\/wp\/v2\/comments?post=5255"}],"version-history":[{"count":0,"href":"https:\/\/www.selbstbau-fertighaus.at\/wp24\/wp-json\/wp\/v2\/pages\/5255\/revisions"}],"wp:attachment":[{"href":"https:\/\/www.selbstbau-fertighaus.at\/wp24\/wp-json\/wp\/v2\/media?parent=5255"}],"curies":[{"name":"wp","href":"https:\/\/api.w.org\/{rel}","templated":true}]}}