{"id":5266,"date":"2020-05-06T21:13:06","date_gmt":"2020-05-06T19:13:06","guid":{"rendered":"https:\/\/www.selbstbau-fertighaus.at\/wp24\/?page_id=5266"},"modified":"2020-05-25T22:55:49","modified_gmt":"2020-05-25T20:55:49","slug":"5-belagsfertig","status":"publish","type":"page","link":"https:\/\/www.selbstbau-fertighaus.at\/wp24\/5-belagsfertig\/","title":{"rendered":"5. Belagsfertig"},"content":{"rendered":"<p>[vc_row][vc_column width=&#8221;1\/6&#8243;][\/vc_column][vc_column width=&#8221;2\/3&#8243;][vc_raw_html]JTVCM2RNb2RlbFZpZXdlciUyMG1vZGVsX3BhdGglM0QlMjIlMkYzRCUyNTIwTW9kZWxzJTJGR0xURkRhdGElMjUyMDEyMm5vYWgxMjMlMkZCZWxhZ3NmZXJ0aWcuZ2x0ZiUyMiUyMGNvbnRhaW5lcl9pZCUzRCUyMmhtbWhzcGxKJTIyJTIwaGVpZ2h0JTNEJTIyNDAwJTIyJTIwYmFja2dyb3VuZF9ncmFkaWVudF9lbmFibGVkJTNEJTIyZmFsc2UlMjIlMjBiYWNrZ3JvdW5kX2dyYWRpZW50X3ZhbHVlJTNEJTIyNTAlMjIlMjBiYWNrZ3JvdW5kX3Bhbm9yYW1hJTNEJTIyJTIyJTIwYmFja2dyb3VuZF9jb2xvciUzRCUyMiUyM0ZGRkZGRiUyMiUyMHpvb21fZW5hYmxlZCUzRCUyMnRydWUlMjIlMjB6b29tX2luX2xpbWl0JTNEJTIyMSUyMiUyMHpvb21fb3V0X2xpbWl0JTNEJTIyMTAlMjIlMjBhdXRvcm90YXRlX3NwZWVkJTNEJTIyMSUyMiUyMHJvdGF0aW9uX3RvcF9saW1pdCUzRCUyMjEwMCUyMiUyMHJvdGF0aW9uX2JvdHRvbV9saW1pdCUzRCUyMjEwMCUyMiUyMGNhc3RzaGFkb3dzJTNEJTIydHJ1ZSUyMiUyMHNoYWRvd19ibHVyJTNEJTIyNSUyMiUyMHBhbl9jb250cm9scyUzRCUyMnRydWUlMjIlMjBzaG93X2FuaW1hdGlvbl9jb250cm9scyUzRCUyMnRydWUlMjIlMjBzaG93X2Z1bGxzY3JlZW5fYnV0dG9uJTNEJTIyZmFsc2UlMjIlMjBzaG93X3NjcmVlbnNob3RfYnV0dG9uJTNEJTIyZmFsc2UlMjIlMjBpbnRyb19hbmltYXRpb24lM0QlMjJzY2FsZUFuZFJvdGF0ZSUyMiUyMHNob3dfbG9hZGluZ19zY3JlZW4lM0QlMjJ0cnVlJTIyJTIwbG9hZGluZ19zY3JlZW5fbWVzc2FnZSUzRCUyMk1vZGVsJTIwaXMlMjBsb2FkaW5nLi4uJTIyJTIwbG9hZGluZ19hbmltYXRpb25fY29sb3IlM0QlMjIlMjMwMDAlMjIlMjBzZXRfc2l6ZV9sYWJlbHMlM0QlMjJmYWxzZSUyMiUyMHNpemVfbGFiZWxfc2l6ZSUzRCUyMjUlMjIlMjBzaXplX2xhYmVsX2NvbG9yJTNEJTIyJTIzNjY2NjY2JTIyJTIwc2l6ZV93aWR0aCUzRCUyMjAlMjIlMjBzaXplX2hlaWdodCUzRCUyMjAlMjIlMjBzaXplX2xlbmd0aCUzRCUyMjAlMjIlMjBkZWZhdWx0X21hdGVyaWFsX2NvbG9yJTNEJTIyJTIzMDA1NUZGJTIyJTIwbWVzaF9zZWxlY3Rpb24lM0QlMjJmYWxzZSUyMiUyMG1lc2hfZ2hvc3RpbmclM0QlMjJ0cnVlJTIyJTIwZ2hvc3RfbWVzaF9jb2xvciUzRCUyMiUyM0ZGRkZGRiUyMiUyMGdob3N0X21lc2hfb3BhY2l0eSUzRCUyMjAuMSUyMiUyMGNoYW5nZWFibGVfdGV4dHVyZXMlM0QlMjIlMjIlNUQlNUIlMkYzZE1vZGVsVmlld2VyJTVE[\/vc_raw_html][\/vc_column][vc_column width=&#8221;1\/6&#8243;][\/vc_column][\/vc_row][vc_row][vc_column]<div class=\" \">\r\n\t\r\n        <div class=\"mh-heading-wrapper\">\r\n            <h2            class=\"mh-heading  mh-heading--bottom-separator   \"\r\n            style=\"font-weight:700;\">\r\n\t\t\t        <\/h2>\r\n\r\n\t\t            <div class=\"mh-subheading \"\r\n                 style=\"\">\r\n\t\t\t\tBsp.: Bungalow noah.123 (zoome und drehe mit Maus)            <\/div>\r\n\t\t    <\/div>\r\n\r\n\t<\/div>[\/vc_column][\/vc_row][vc_row][vc_column][vc_column_text]<\/p>\n<h4 style=\"text-align: left;\">wie oben in 3D dargestellt<br \/>\nStandard enthalten ist Lieferung und Montage von:<\/h4>\n<ol>\n<li style=\"text-align: left;\">Aussenw\u00e4nde, Innenw\u00e4nde, Decken und Dach in Fertigteilbauweise komplett ged\u00e4mmt und beplankt<\/li>\n<li style=\"text-align: left;\">Dacheindeckung und Spenglerei<\/li>\n<li>Kamin im Wohnbereich 1z\u00fcgig<\/li>\n<li>Rohbautreppe<\/li>\n<li>Fussbodenaufbau mit Heizestrich f\u00fcr Bodenheizung<\/li>\n<li style=\"text-align: left;\">Fenster, Fenstert\u00fcre und Haust\u00fcre inkl Aussenfensterb\u00e4nke in Alu<\/li>\n<li style=\"text-align: left;\">elektr. Raffstore Sonnenschutz bei jedem Fenster<\/li>\n<li style=\"text-align: left;\">Aussenfassade geputzt<\/li>\n<li style=\"text-align: left;\">Innenausbau mit Gipskarton gespachtelt malerfertig<\/li>\n<li>Innenfensterb\u00e4nke<\/li>\n<li style=\"text-align: left;\">komplette Elektroinstallation<\/li>\n<li style=\"text-align: left;\">komplette Installateurinstallation, Luft- W\u00e4rmepumpe \u00fcber Fussbodenheizung<\/li>\n<\/ol>\n<h4 style=\"text-align: left;\">nicht enthalten ist:<\/h4>\n<ol>\n<li>Fussbodenbel\u00e4ge wie Fliesen od. Parkett (als Aufpreis von unseren Partnerfirmen verf\u00fcgbar)<\/li>\n<li>Sanit\u00e4rgegenst\u00e4nde (als Aufpreis von unseren Partnerfirmen verf\u00fcgbar)<\/li>\n<li>Innent\u00fcren (als Aufpreis von unseren Partnerfirmen verf\u00fcgbar)<\/li>\n<li>Innentreppe (als Aufpreis von unseren Partnerfirmen verf\u00fcgbar)<\/li>\n<li>Malerarbeiten (als Aufpreis von unseren Partnerfirmen verf\u00fcgbar)<\/li>\n<li>Baumeisterarbeiten, Bodenplatte oder Keller bauseits (als Aufpreis von unseren Partnerfirmen verf\u00fcgbar)<\/li>\n<\/ol>\n<p>Der Aufpreis von \u201cBelagsfertig\u201d auf \u201cSchl\u00fcsselfertig\u201d kann \u00fcber unsere Partnerfirmen direkt bestellt werden und wird jeweils separat abgerechnet.[\/vc_column_text][\/vc_column][\/vc_row][vc_row][vc_column]<div class=\" \">\r\n\t\r\n        <div class=\"mh-heading-wrapper\">\r\n            <h2            class=\"mh-heading  mh-heading--bottom-separator   \"\r\n            style=\"font-weight:700;\">\r\n\t\t\tUnsere Montagevarianten        <\/h2>\r\n\r\n\t\t    <\/div>\r\n\r\n\t<\/div>[\/vc_column][\/vc_row][vc_row][vc_column][rev_slider_vc alias=&#8221;montagevarianten&#8221;][\/vc_column][\/vc_row]<\/p>\n","protected":false},"excerpt":{"rendered":"<p>[vc_row][vc_column width=&#8221;1\/6&#8243;][\/vc_column][vc_column width=&#8221;2\/3&#8243;][vc_raw_html]JTVCM2RNb2RlbFZpZXdlciUyMG1vZGVsX3BhdGglM0QlMjIlMkYzRCUyNTIwTW9kZWxzJTJGR0xURkRhdGElMjUyMDEyMm5vYWgxMjMlMkZCZWxhZ3NmZXJ0aWcuZ2x0ZiUyMiUyMGNvbnRhaW5lcl9pZCUzRCUyMmhtbWhzcGxKJTIyJTIwaGVpZ2h0JTNEJTIyNDAwJTIyJTIwYmFja2dyb3VuZF9ncmFkaWVudF9lbmFibGVkJTNEJTIyZmFsc2UlMjIlMjBiYWNrZ3JvdW5kX2dyYWRpZW50X3ZhbHVlJTNEJTIyNTAlMjIlMjBiYWNrZ3JvdW5kX3Bhbm9yYW1hJTNEJTIyJTIyJTIwYmFja2dyb3VuZF9jb2xvciUzRCUyMiUyM0ZGRkZGRiUyMiUyMHpvb21fZW5hYmxlZCUzRCUyMnRydWUlMjIlMjB6b29tX2luX2xpbWl0JTNEJTIyMSUyMiUyMHpvb21fb3V0X2xpbWl0JTNEJTIyMTAlMjIlMjBhdXRvcm90YXRlX3NwZWVkJTNEJTIyMSUyMiUyMHJvdGF0aW9uX3RvcF9saW1pdCUzRCUyMjEwMCUyMiUyMHJvdGF0aW9uX2JvdHRvbV9saW1pdCUzRCUyMjEwMCUyMiUyMGNhc3RzaGFkb3dzJTNEJTIydHJ1ZSUyMiUyMHNoYWRvd19ibHVyJTNEJTIyNSUyMiUyMHBhbl9jb250cm9scyUzRCUyMnRydWUlMjIlMjBzaG93X2FuaW1hdGlvbl9jb250cm9scyUzRCUyMnRydWUlMjIlMjBzaG93X2Z1bGxzY3JlZW5fYnV0dG9uJTNEJTIyZmFsc2UlMjIlMjBzaG93X3NjcmVlbnNob3RfYnV0dG9uJTNEJTIyZmFsc2UlMjIlMjBpbnRyb19hbmltYXRpb24lM0QlMjJzY2FsZUFuZFJvdGF0ZSUyMiUyMHNob3dfbG9hZGluZ19zY3JlZW4lM0QlMjJ0cnVlJTIyJTIwbG9hZGluZ19zY3JlZW5fbWVzc2FnZSUzRCUyMk1vZGVsJTIwaXMlMjBsb2FkaW5nLi4uJTIyJTIwbG9hZGluZ19hbmltYXRpb25fY29sb3IlM0QlMjIlMjMwMDAlMjIlMjBzZXRfc2l6ZV9sYWJlbHMlM0QlMjJmYWxzZSUyMiUyMHNpemVfbGFiZWxfc2l6ZSUzRCUyMjUlMjIlMjBzaXplX2xhYmVsX2NvbG9yJTNEJTIyJTIzNjY2NjY2JTIyJTIwc2l6ZV93aWR0aCUzRCUyMjAlMjIlMjBzaXplX2hlaWdodCUzRCUyMjAlMjIlMjBzaXplX2xlbmd0aCUzRCUyMjAlMjIlMjBkZWZhdWx0X21hdGVyaWFsX2NvbG9yJTNEJTIyJTIzMDA1NUZGJTIyJTIwbWVzaF9zZWxlY3Rpb24lM0QlMjJmYWxzZSUyMiUyMG1lc2hfZ2hvc3RpbmclM0QlMjJ0cnVlJTIyJTIwZ2hvc3RfbWVzaF9jb2xvciUzRCUyMiUyM0ZGRkZGRiUyMiUyMGdob3N0X21lc2hfb3BhY2l0eSUzRCUyMjAuMSUyMiUyMGNoYW5nZWFibGVfdGV4dHVyZXMlM0QlMjIlMjIlNUQlNUIlMkYzZE1vZGVsVmlld2VyJTVE[\/vc_raw_html][\/vc_column][vc_column width=&#8221;1\/6&#8243;][\/vc_column][\/vc_row][vc_row][vc_column][\/vc_column][\/vc_row][vc_row][vc_column][vc_column_text] wie oben in 3D dargestellt Standard enthalten ist Lieferung und Montage von: Aussenw\u00e4nde, Innenw\u00e4nde, Decken und Dach in Fertigteilbauweise komplett ged\u00e4mmt und beplankt Dacheindeckung und Spenglerei Kamin im Wohnbereich 1z\u00fcgig Rohbautreppe Fussbodenaufbau mit Heizestrich f\u00fcr Bodenheizung Fenster, Fenstert\u00fcre und Haust\u00fcre inkl Aussenfensterb\u00e4nke in Alu elektr. Raffstore Sonnenschutz bei jedem Fenster Aussenfassade [&hellip;]<\/p>\n","protected":false},"author":1,"featured_media":0,"parent":0,"menu_order":0,"comment_status":"closed","ping_status":"closed","template":"","meta":[],"_links":{"self":[{"href":"https:\/\/www.selbstbau-fertighaus.at\/wp24\/wp-json\/wp\/v2\/pages\/5266"}],"collection":[{"href":"https:\/\/www.selbstbau-fertighaus.at\/wp24\/wp-json\/wp\/v2\/pages"}],"about":[{"href":"https:\/\/www.selbstbau-fertighaus.at\/wp24\/wp-json\/wp\/v2\/types\/page"}],"author":[{"embeddable":true,"href":"https:\/\/www.selbstbau-fertighaus.at\/wp24\/wp-json\/wp\/v2\/users\/1"}],"replies":[{"embeddable":true,"href":"https:\/\/www.selbstbau-fertighaus.at\/wp24\/wp-json\/wp\/v2\/comments?post=5266"}],"version-history":[{"count":0,"href":"https:\/\/www.selbstbau-fertighaus.at\/wp24\/wp-json\/wp\/v2\/pages\/5266\/revisions"}],"wp:attachment":[{"href":"https:\/\/www.selbstbau-fertighaus.at\/wp24\/wp-json\/wp\/v2\/media?parent=5266"}],"curies":[{"name":"wp","href":"https:\/\/api.w.org\/{rel}","templated":true}]}}