{"id":5274,"date":"2020-05-06T22:17:08","date_gmt":"2020-05-06T20:17:08","guid":{"rendered":"https:\/\/www.selbstbau-fertighaus.at\/wp24\/?page_id=5274"},"modified":"2020-05-24T21:16:39","modified_gmt":"2020-05-24T19:16:39","slug":"4-ausbauhaus","status":"publish","type":"page","link":"https:\/\/www.selbstbau-fertighaus.at\/wp24\/4-ausbauhaus\/","title":{"rendered":"4. Ausbauhaus"},"content":{"rendered":"<p>[vc_row][vc_column width=&#8221;1\/6&#8243;][\/vc_column][vc_column width=&#8221;2\/3&#8243;][vc_raw_html]JTVCM2RNb2RlbFZpZXdlciUyMG1vZGVsX3BhdGglM0QlMjIlMkYzRCUyNTIwTW9kZWxzJTJGR0xURkRhdGElMjUyMDEyMm5vYWgxMjMlMkZBdXNiYXUuZ2x0ZiUyMiUyMGNvbnRhaW5lcl9pZCUzRCUyMmhtbWhzcGxKJTIyJTIwaGVpZ2h0JTNEJTIyNDAwJTIyJTIwYmFja2dyb3VuZF9ncmFkaWVudF9lbmFibGVkJTNEJTIyZmFsc2UlMjIlMjBiYWNrZ3JvdW5kX2dyYWRpZW50X3ZhbHVlJTNEJTIyNTAlMjIlMjBiYWNrZ3JvdW5kX3Bhbm9yYW1hJTNEJTIyJTIyJTIwYmFja2dyb3VuZF9jb2xvciUzRCUyMiUyM0ZGRkZGRiUyMiUyMHpvb21fZW5hYmxlZCUzRCUyMnRydWUlMjIlMjB6b29tX2luX2xpbWl0JTNEJTIyMSUyMiUyMHpvb21fb3V0X2xpbWl0JTNEJTIyMTAlMjIlMjBhdXRvcm90YXRlX3NwZWVkJTNEJTIyMSUyMiUyMHJvdGF0aW9uX3RvcF9saW1pdCUzRCUyMjEwMCUyMiUyMHJvdGF0aW9uX2JvdHRvbV9saW1pdCUzRCUyMjEwMCUyMiUyMGNhc3RzaGFkb3dzJTNEJTIydHJ1ZSUyMiUyMHNoYWRvd19ibHVyJTNEJTIyNSUyMiUyMHBhbl9jb250cm9scyUzRCUyMnRydWUlMjIlMjBzaG93X2FuaW1hdGlvbl9jb250cm9scyUzRCUyMnRydWUlMjIlMjBzaG93X2Z1bGxzY3JlZW5fYnV0dG9uJTNEJTIyZmFsc2UlMjIlMjBzaG93X3NjcmVlbnNob3RfYnV0dG9uJTNEJTIyZmFsc2UlMjIlMjBpbnRyb19hbmltYXRpb24lM0QlMjJzY2FsZUFuZFJvdGF0ZSUyMiUyMHNob3dfbG9hZGluZ19zY3JlZW4lM0QlMjJ0cnVlJTIyJTIwbG9hZGluZ19zY3JlZW5fbWVzc2FnZSUzRCUyMk1vZGVsJTIwaXMlMjBsb2FkaW5nLi4uJTIyJTIwbG9hZGluZ19hbmltYXRpb25fY29sb3IlM0QlMjIlMjMwMDAlMjIlMjBzZXRfc2l6ZV9sYWJlbHMlM0QlMjJmYWxzZSUyMiUyMHNpemVfbGFiZWxfc2l6ZSUzRCUyMjUlMjIlMjBzaXplX2xhYmVsX2NvbG9yJTNEJTIyJTIzNjY2NjY2JTIyJTIwc2l6ZV93aWR0aCUzRCUyMjAlMjIlMjBzaXplX2hlaWdodCUzRCUyMjAlMjIlMjBzaXplX2xlbmd0aCUzRCUyMjAlMjIlMjBkZWZhdWx0X21hdGVyaWFsX2NvbG9yJTNEJTIyJTIzMDA1NUZGJTIyJTIwbWVzaF9zZWxlY3Rpb24lM0QlMjJmYWxzZSUyMiUyMG1lc2hfZ2hvc3RpbmclM0QlMjJ0cnVlJTIyJTIwZ2hvc3RfbWVzaF9jb2xvciUzRCUyMiUyM0ZGRkZGRiUyMiUyMGdob3N0X21lc2hfb3BhY2l0eSUzRCUyMjAuMSUyMiUyMGNoYW5nZWFibGVfdGV4dHVyZXMlM0QlMjIlMjIlNUQlNUIlMkYzZE1vZGVsVmlld2VyJTVE[\/vc_raw_html][\/vc_column][vc_column width=&#8221;1\/6&#8243;][\/vc_column][\/vc_row][vc_row][vc_column]<div class=\" \">\r\n\t\r\n        <div class=\"mh-heading-wrapper\">\r\n            <h2            class=\"mh-heading  mh-heading--bottom-separator   \"\r\n            style=\"font-weight:700;\">\r\n\t\t\t        <\/h2>\r\n\r\n\t\t            <div class=\"mh-subheading \"\r\n                 style=\"\">\r\n\t\t\t\tBsp.: Bungalow noah.123 (zoome und drehe mit Maus)            <\/div>\r\n\t\t    <\/div>\r\n\r\n\t<\/div>[\/vc_column][\/vc_row][vc_row][vc_column][vc_column_text]<\/p>\n<h4 style=\"text-align: left;\">wie oben in 3D dargestellt<br \/>\nStandard enthalten ist Lieferung und Montage von:<\/h4>\n<ol>\n<li style=\"text-align: left;\">Aussenw\u00e4nde, Innenw\u00e4nde in Fertigteilbauweise nur au\u00dfen beplankt bzw. einseitig beplankt ohne Innenausbau, Installationsebene<\/li>\n<li>Bei Zwischendecken nur oberseitige Beplankung ohne D\u00e4mmung und unterseitige Beplankung<\/li>\n<li>Bei Dach eindeckfertige Herstellung ohne D\u00e4mmung bzw. Innenausbau<\/li>\n<li style=\"text-align: left;\">Dacheindeckung und Spenglerei<\/li>\n<li>Rohbautreppe<\/li>\n<li style=\"text-align: left;\">Fenster, Fenstert\u00fcre und Haust\u00fcre inkl Aussenfensterb\u00e4nke in Alu<\/li>\n<li style=\"text-align: left;\">elektr. Raffstore Sonnenschutz bei jedem Fenster<\/li>\n<li style=\"text-align: left;\">Aussenfassade geputzt<\/li>\n<li>Kamin im Wohnbereich 1z\u00fcgig<\/li>\n<\/ol>\n<h4 style=\"text-align: left;\">nicht enthalten ist:<\/h4>\n<ol>\n<li>Fussbodenbel\u00e4ge wie Fliesen od. Parkett<\/li>\n<li>Sanit\u00e4rgegenst\u00e4nde<\/li>\n<li>Innent\u00fcren<\/li>\n<li>Innentreppe<\/li>\n<li>Malerarbeiten<\/li>\n<li>Fussbodenaufbau ged\u00e4mmt mit Heizestrich f\u00fcr Bodenheizung<\/li>\n<li>Innenausbau D\u00e4mmung und Beplankung OSB und Gipskarton bei IW, AW, Decken, Dach<\/li>\n<li>Fussbodenaufbau mit Heizestrich f\u00fcr Bodenheizung<\/li>\n<li>Innenausbau mit Gipskarton gespachtelt malerfertig<\/li>\n<li style=\"text-align: left;\">komplette Elektroinstallation<\/li>\n<li style=\"text-align: left;\">komplette Installateurinstallation, Luft- W\u00e4rmepumpe \u00fcber Fussbodenheizung<\/li>\n<li>Baumeisterarbeiten, Bodenplatte oder Keller bauseits<\/li>\n<\/ol>\n<p>[\/vc_column_text][\/vc_column][\/vc_row][vc_row][vc_column]<div class=\" \">\r\n\t\r\n        <div class=\"mh-heading-wrapper\">\r\n            <h2            class=\"mh-heading  mh-heading--bottom-separator   \"\r\n            style=\"font-weight:700;\">\r\n\t\t\tUnsere Montagevarianten        <\/h2>\r\n\r\n\t\t    <\/div>\r\n\r\n\t<\/div>[\/vc_column][\/vc_row][vc_row][vc_column][rev_slider_vc alias=&#8221;montagevarianten&#8221;][\/vc_column][\/vc_row]<\/p>\n","protected":false},"excerpt":{"rendered":"<p>[vc_row][vc_column width=&#8221;1\/6&#8243;][\/vc_column][vc_column width=&#8221;2\/3&#8243;][vc_raw_html]JTVCM2RNb2RlbFZpZXdlciUyMG1vZGVsX3BhdGglM0QlMjIlMkYzRCUyNTIwTW9kZWxzJTJGR0xURkRhdGElMjUyMDEyMm5vYWgxMjMlMkZBdXNiYXUuZ2x0ZiUyMiUyMGNvbnRhaW5lcl9pZCUzRCUyMmhtbWhzcGxKJTIyJTIwaGVpZ2h0JTNEJTIyNDAwJTIyJTIwYmFja2dyb3VuZF9ncmFkaWVudF9lbmFibGVkJTNEJTIyZmFsc2UlMjIlMjBiYWNrZ3JvdW5kX2dyYWRpZW50X3ZhbHVlJTNEJTIyNTAlMjIlMjBiYWNrZ3JvdW5kX3Bhbm9yYW1hJTNEJTIyJTIyJTIwYmFja2dyb3VuZF9jb2xvciUzRCUyMiUyM0ZGRkZGRiUyMiUyMHpvb21fZW5hYmxlZCUzRCUyMnRydWUlMjIlMjB6b29tX2luX2xpbWl0JTNEJTIyMSUyMiUyMHpvb21fb3V0X2xpbWl0JTNEJTIyMTAlMjIlMjBhdXRvcm90YXRlX3NwZWVkJTNEJTIyMSUyMiUyMHJvdGF0aW9uX3RvcF9saW1pdCUzRCUyMjEwMCUyMiUyMHJvdGF0aW9uX2JvdHRvbV9saW1pdCUzRCUyMjEwMCUyMiUyMGNhc3RzaGFkb3dzJTNEJTIydHJ1ZSUyMiUyMHNoYWRvd19ibHVyJTNEJTIyNSUyMiUyMHBhbl9jb250cm9scyUzRCUyMnRydWUlMjIlMjBzaG93X2FuaW1hdGlvbl9jb250cm9scyUzRCUyMnRydWUlMjIlMjBzaG93X2Z1bGxzY3JlZW5fYnV0dG9uJTNEJTIyZmFsc2UlMjIlMjBzaG93X3NjcmVlbnNob3RfYnV0dG9uJTNEJTIyZmFsc2UlMjIlMjBpbnRyb19hbmltYXRpb24lM0QlMjJzY2FsZUFuZFJvdGF0ZSUyMiUyMHNob3dfbG9hZGluZ19zY3JlZW4lM0QlMjJ0cnVlJTIyJTIwbG9hZGluZ19zY3JlZW5fbWVzc2FnZSUzRCUyMk1vZGVsJTIwaXMlMjBsb2FkaW5nLi4uJTIyJTIwbG9hZGluZ19hbmltYXRpb25fY29sb3IlM0QlMjIlMjMwMDAlMjIlMjBzZXRfc2l6ZV9sYWJlbHMlM0QlMjJmYWxzZSUyMiUyMHNpemVfbGFiZWxfc2l6ZSUzRCUyMjUlMjIlMjBzaXplX2xhYmVsX2NvbG9yJTNEJTIyJTIzNjY2NjY2JTIyJTIwc2l6ZV93aWR0aCUzRCUyMjAlMjIlMjBzaXplX2hlaWdodCUzRCUyMjAlMjIlMjBzaXplX2xlbmd0aCUzRCUyMjAlMjIlMjBkZWZhdWx0X21hdGVyaWFsX2NvbG9yJTNEJTIyJTIzMDA1NUZGJTIyJTIwbWVzaF9zZWxlY3Rpb24lM0QlMjJmYWxzZSUyMiUyMG1lc2hfZ2hvc3RpbmclM0QlMjJ0cnVlJTIyJTIwZ2hvc3RfbWVzaF9jb2xvciUzRCUyMiUyM0ZGRkZGRiUyMiUyMGdob3N0X21lc2hfb3BhY2l0eSUzRCUyMjAuMSUyMiUyMGNoYW5nZWFibGVfdGV4dHVyZXMlM0QlMjIlMjIlNUQlNUIlMkYzZE1vZGVsVmlld2VyJTVE[\/vc_raw_html][\/vc_column][vc_column width=&#8221;1\/6&#8243;][\/vc_column][\/vc_row][vc_row][vc_column][\/vc_column][\/vc_row][vc_row][vc_column][vc_column_text] wie oben in 3D dargestellt Standard enthalten ist Lieferung und Montage von: Aussenw\u00e4nde, Innenw\u00e4nde in Fertigteilbauweise nur au\u00dfen beplankt bzw. einseitig beplankt ohne Innenausbau, Installationsebene Bei Zwischendecken nur oberseitige Beplankung ohne D\u00e4mmung und unterseitige Beplankung Bei Dach eindeckfertige Herstellung ohne D\u00e4mmung bzw. Innenausbau Dacheindeckung und Spenglerei Rohbautreppe Fenster, Fenstert\u00fcre und Haust\u00fcre [&hellip;]<\/p>\n","protected":false},"author":1,"featured_media":0,"parent":0,"menu_order":0,"comment_status":"closed","ping_status":"closed","template":"","meta":[],"_links":{"self":[{"href":"https:\/\/www.selbstbau-fertighaus.at\/wp24\/wp-json\/wp\/v2\/pages\/5274"}],"collection":[{"href":"https:\/\/www.selbstbau-fertighaus.at\/wp24\/wp-json\/wp\/v2\/pages"}],"about":[{"href":"https:\/\/www.selbstbau-fertighaus.at\/wp24\/wp-json\/wp\/v2\/types\/page"}],"author":[{"embeddable":true,"href":"https:\/\/www.selbstbau-fertighaus.at\/wp24\/wp-json\/wp\/v2\/users\/1"}],"replies":[{"embeddable":true,"href":"https:\/\/www.selbstbau-fertighaus.at\/wp24\/wp-json\/wp\/v2\/comments?post=5274"}],"version-history":[{"count":0,"href":"https:\/\/www.selbstbau-fertighaus.at\/wp24\/wp-json\/wp\/v2\/pages\/5274\/revisions"}],"wp:attachment":[{"href":"https:\/\/www.selbstbau-fertighaus.at\/wp24\/wp-json\/wp\/v2\/media?parent=5274"}],"curies":[{"name":"wp","href":"https:\/\/api.w.org\/{rel}","templated":true}]}}